{"id":13,"date":"2026-03-05T15:46:54","date_gmt":"2026-03-05T15:46:54","guid":{"rendered":"https:\/\/eleganciasbereber.rkinformatika.online\/?page_id=13"},"modified":"2026-03-11T08:43:01","modified_gmt":"2026-03-11T08:43:01","slug":"servicios","status":"publish","type":"page","link":"https:\/\/eleganciasbereber.com\/eu\/servicios\/","title":{"rendered":"Zerbitzuak"},"content":{"rendered":"<div data-elementor-type=\"wp-page\" data-elementor-id=\"13\" class=\"elementor elementor-13\" data-elementor-post-type=\"page\">\n\t\t\t\t<div class=\"elementor-element elementor-element-3805f99 e-flex e-con-boxed e-con e-parent\" data-id=\"3805f99\" data-element_type=\"container\" data-e-type=\"container\" data-settings=\"{&quot;background_background&quot;:&quot;classic&quot;}\">\n\t\t\t\t\t<div class=\"e-con-inner\">\n\t\t\t\t<div class=\"elementor-element elementor-element-33ae60a elementor-headline--style-highlight elementor-widget elementor-widget-animated-headline\" data-id=\"33ae60a\" data-element_type=\"widget\" data-e-type=\"widget\" data-settings=\"{&quot;marker&quot;:&quot;underline&quot;,&quot;highlighted_text&quot;:&quot;Servicios&quot;,&quot;headline_style&quot;:&quot;highlight&quot;,&quot;highlight_animation_duration&quot;:1200}\" data-widget_type=\"animated-headline.default\">\n\t\t\t\t\t\t\t<h3 class=\"elementor-headline\">\n\t\t\t\t<span class=\"elementor-headline-dynamic-wrapper elementor-headline-text-wrapper\">\n\t\t\t\t\t<span class=\"elementor-headline-dynamic-text elementor-headline-text-active\">Zerbitzuak<\/span>\n\t\t\t\t<\/span>\n\t\t\t\t<\/h3>\n\t\t\t\t\t\t<\/div>\n\t\t\t\t\t<\/div>\n\t\t\t\t<\/div>\n\t\t<div class=\"elementor-element elementor-element-7ae9230 e-flex e-con-boxed e-con e-parent\" data-id=\"7ae9230\" data-element_type=\"container\" data-e-type=\"container\" data-settings=\"{&quot;background_background&quot;:&quot;classic&quot;}\">\n\t\t\t\t\t<div class=\"e-con-inner\">\n\t\t<div class=\"elementor-element elementor-element-d71e493 e-con-full e-flex e-con e-child\" data-id=\"d71e493\" data-element_type=\"container\" data-e-type=\"container\" data-settings=\"{&quot;background_background&quot;:&quot;classic&quot;}\">\n\t\t\t\t<div class=\"elementor-element elementor-element-f321030 elementor-widget elementor-widget-spacer\" data-id=\"f321030\" data-element_type=\"widget\" data-e-type=\"widget\" data-widget_type=\"spacer.default\">\n\t\t\t\t\t\t\t<div class=\"elementor-spacer\">\n\t\t\t<div class=\"elementor-spacer-inner\"><\/div>\n\t\t<\/div>\n\t\t\t\t\t\t<\/div>\n\t\t\t\t<\/div>\n\t\t<div class=\"elementor-element elementor-element-4dfd362 e-con-full e-flex e-con e-child\" data-id=\"4dfd362\" data-element_type=\"container\" data-e-type=\"container\">\n\t\t\t\t<div class=\"elementor-element elementor-element-ef3fd10 elementor-widget elementor-widget-heading\" data-id=\"ef3fd10\" data-element_type=\"widget\" data-e-type=\"widget\" data-widget_type=\"heading.default\">\n\t\t\t\t\t<h2 class=\"elementor-heading-title elementor-size-default\">Nuestros bienes<\/h2>\t\t\t\t<\/div>\n\t\t\t\t<div class=\"elementor-element elementor-element-ce185c7 elementor-widget elementor-widget-text-editor\" data-id=\"ce185c7\" data-element_type=\"widget\" data-e-type=\"widget\" data-widget_type=\"text-editor.default\">\n\t\t\t\t\t\t\t\t\t<p data-path-to-node=\"1\">En Elegancias Bereber, la distinci\u00f3n no es un detalle, sino una forma de habitar el mundo. Hemos entrelazado la sofisticaci\u00f3n de la perfumer\u00eda de autor, la ca\u00edda noble de nuestras colecciones textiles y la esencia artesanal de la decoraci\u00f3n de interiores para crear un universo donde cada aroma, prenda y objeto cuenta una historia de lujo atemporal. Aqu\u00ed, tu esencia personal se funde con la calidez de tu hogar, elevando lo cotidiano a una experiencia sensorial \u00fanica, envuelta en la magia y el misterio de la herencia bereber.<\/p>\t\t\t\t\t\t\t\t<\/div>\n\t\t\t\t<\/div>\n\t\t\t\t\t<\/div>\n\t\t\t\t<\/div>\n\t\t<div class=\"elementor-element elementor-element-4281ff7 e-flex e-con-boxed e-con e-parent\" data-id=\"4281ff7\" data-element_type=\"container\" data-e-type=\"container\" data-settings=\"{&quot;background_background&quot;:&quot;classic&quot;}\">\n\t\t\t\t\t<div class=\"e-con-inner\">\n\t\t\t\t<div class=\"elementor-element elementor-element-6d97297 elementor-widget elementor-widget-heading\" data-id=\"6d97297\" data-element_type=\"widget\" data-e-type=\"widget\" data-widget_type=\"heading.default\">\n\t\t\t\t\t<h2 class=\"elementor-heading-title elementor-size-default\">Los mejores olores<\/h2>\t\t\t\t<\/div>\n\t\t\t\t<div class=\"elementor-element elementor-element-23ace9d elementor-arrows-position-inside elementor-widget elementor-widget-image-carousel\" data-id=\"23ace9d\" data-element_type=\"widget\" data-e-type=\"widget\" data-settings=\"{&quot;navigation&quot;:&quot;arrows&quot;,&quot;image_spacing_custom&quot;:{&quot;unit&quot;:&quot;px&quot;,&quot;size&quot;:35,&quot;sizes&quot;:[]},&quot;autoplay&quot;:&quot;yes&quot;,&quot;pause_on_hover&quot;:&quot;yes&quot;,&quot;pause_on_interaction&quot;:&quot;yes&quot;,&quot;autoplay_speed&quot;:5000,&quot;infinite&quot;:&quot;yes&quot;,&quot;speed&quot;:500,&quot;image_spacing_custom_tablet&quot;:{&quot;unit&quot;:&quot;px&quot;,&quot;size&quot;:&quot;&quot;,&quot;sizes&quot;:[]},&quot;image_spacing_custom_mobile&quot;:{&quot;unit&quot;:&quot;px&quot;,&quot;size&quot;:&quot;&quot;,&quot;sizes&quot;:[]}}\" data-widget_type=\"image-carousel.default\">\n\t\t\t\t\t\t\t<div class=\"elementor-image-carousel-wrapper swiper\" role=\"region\" aria-roledescription=\"carousel\" aria-label=\"Carrusel de im\u00e1genes\" dir=\"ltr\">\n\t\t\t<div class=\"elementor-image-carousel swiper-wrapper\" aria-live=\"off\">\n\t\t\t\t\t\t\t\t<div class=\"swiper-slide\" role=\"group\" aria-roledescription=\"slide\" aria-label=\"1 de 25\"><figure class=\"swiper-slide-inner\"><img decoding=\"async\" class=\"swiper-slide-image\" src=\"https:\/\/eleganciasbereber.com\/wp-content\/uploads\/2026\/03\/WhatsApp-Image-2026-03-10-at-18.17.28-1.jpeg\" alt=\"WhatsApp Image 2026-03-10 at 18.17.28\" \/><\/figure><\/div><div class=\"swiper-slide\" role=\"group\" aria-roledescription=\"slide\" aria-label=\"2 de 25\"><figure class=\"swiper-slide-inner\"><img decoding=\"async\" class=\"swiper-slide-image\" src=\"https:\/\/eleganciasbereber.com\/wp-content\/uploads\/2026\/03\/WhatsApp-Image-2026-03-10-at-18.17.28-2.jpeg\" alt=\"WhatsApp Image 2026-03-10 at 18.17.28 (2)\" \/><\/figure><\/div><div class=\"swiper-slide\" role=\"group\" aria-roledescription=\"slide\" aria-label=\"3 de 25\"><figure class=\"swiper-slide-inner\"><img decoding=\"async\" class=\"swiper-slide-image\" src=\"https:\/\/eleganciasbereber.com\/wp-content\/uploads\/2026\/03\/WhatsApp-Image-2026-03-10-at-18.17.28-1-1.jpeg\" alt=\"WhatsApp Image 2026-03-10 at 18.17.28 (1)\" \/><\/figure><\/div><div class=\"swiper-slide\" role=\"group\" aria-roledescription=\"slide\" aria-label=\"4 de 25\"><figure class=\"swiper-slide-inner\"><img decoding=\"async\" class=\"swiper-slide-image\" src=\"https:\/\/eleganciasbereber.com\/wp-content\/uploads\/2026\/03\/563885495_18075136427182311_8898351148222048769_n.jpeg\" alt=\"\" \/><\/figure><\/div><div class=\"swiper-slide\" role=\"group\" aria-roledescription=\"slide\" aria-label=\"5 de 25\"><figure class=\"swiper-slide-inner\"><img decoding=\"async\" class=\"swiper-slide-image\" src=\"https:\/\/eleganciasbereber.com\/wp-content\/uploads\/2026\/03\/569207329_18076629092182311_3323059928488043013_n.jpeg\" alt=\"\" \/><\/figure><\/div><div class=\"swiper-slide\" role=\"group\" aria-roledescription=\"slide\" aria-label=\"6 de 25\"><figure class=\"swiper-slide-inner\"><img decoding=\"async\" class=\"swiper-slide-image\" src=\"https:\/\/eleganciasbereber.com\/wp-content\/uploads\/2026\/03\/569209878_18076629101182311_2171955283163917173_n.jpeg\" alt=\"\" \/><\/figure><\/div><div class=\"swiper-slide\" role=\"group\" aria-roledescription=\"slide\" aria-label=\"7 de 25\"><figure class=\"swiper-slide-inner\"><img decoding=\"async\" class=\"swiper-slide-image\" src=\"https:\/\/eleganciasbereber.com\/wp-content\/uploads\/2026\/03\/569703464_18076629083182311_824101661625861869_n.jpeg\" alt=\"\" \/><\/figure><\/div><div class=\"swiper-slide\" role=\"group\" aria-roledescription=\"slide\" aria-label=\"8 de 25\"><figure class=\"swiper-slide-inner\"><img decoding=\"async\" class=\"swiper-slide-image\" src=\"https:\/\/eleganciasbereber.com\/wp-content\/uploads\/2026\/03\/569927664_18076629074182311_5443101777840339905_n.jpeg\" alt=\"\" \/><\/figure><\/div><div class=\"swiper-slide\" role=\"group\" aria-roledescription=\"slide\" aria-label=\"9 de 25\"><figure class=\"swiper-slide-inner\"><img decoding=\"async\" class=\"swiper-slide-image\" src=\"https:\/\/eleganciasbereber.com\/wp-content\/uploads\/2026\/03\/571250559_18076976324182311_6363003777566945110_n.jpeg\" alt=\"\" \/><\/figure><\/div><div class=\"swiper-slide\" role=\"group\" aria-roledescription=\"slide\" aria-label=\"10 de 25\"><figure class=\"swiper-slide-inner\"><img decoding=\"async\" class=\"swiper-slide-image\" src=\"https:\/\/eleganciasbereber.com\/wp-content\/uploads\/2026\/03\/571678132_18076976315182311_922426339754957006_n.jpeg\" alt=\"\" \/><\/figure><\/div><div class=\"swiper-slide\" role=\"group\" aria-roledescription=\"slide\" aria-label=\"11 de 25\"><figure class=\"swiper-slide-inner\"><img decoding=\"async\" class=\"swiper-slide-image\" src=\"https:\/\/eleganciasbereber.com\/wp-content\/uploads\/2026\/03\/571981711_18076976306182311_3988577901425389448_n.jpeg\" alt=\"\" \/><\/figure><\/div><div class=\"swiper-slide\" role=\"group\" aria-roledescription=\"slide\" aria-label=\"12 de 25\"><figure class=\"swiper-slide-inner\"><img decoding=\"async\" class=\"swiper-slide-image\" src=\"https:\/\/eleganciasbereber.com\/wp-content\/uploads\/2026\/03\/581801793_18078660281182311_8903713904871331260_n.jpeg\" alt=\"\" \/><\/figure><\/div><div class=\"swiper-slide\" role=\"group\" aria-roledescription=\"slide\" aria-label=\"13 de 25\"><figure class=\"swiper-slide-inner\"><img decoding=\"async\" class=\"swiper-slide-image\" src=\"https:\/\/eleganciasbereber.com\/wp-content\/uploads\/2026\/03\/581964613_18078822503182311_1222985967500590448_n.jpeg\" alt=\"\" \/><\/figure><\/div><div class=\"swiper-slide\" role=\"group\" aria-roledescription=\"slide\" aria-label=\"14 de 25\"><figure class=\"swiper-slide-inner\"><img decoding=\"async\" class=\"swiper-slide-image\" src=\"https:\/\/eleganciasbereber.com\/wp-content\/uploads\/2026\/03\/582067611_18078822533182311_4933076773951495959_n.jpeg\" alt=\"\" \/><\/figure><\/div><div class=\"swiper-slide\" role=\"group\" aria-roledescription=\"slide\" aria-label=\"15 de 25\"><figure class=\"swiper-slide-inner\"><img decoding=\"async\" class=\"swiper-slide-image\" src=\"https:\/\/eleganciasbereber.com\/wp-content\/uploads\/2026\/03\/582130739_18078660290182311_7473274105585567808_n.jpeg\" alt=\"\" \/><\/figure><\/div><div class=\"swiper-slide\" role=\"group\" aria-roledescription=\"slide\" aria-label=\"16 de 25\"><figure class=\"swiper-slide-inner\"><img decoding=\"async\" class=\"swiper-slide-image\" src=\"https:\/\/eleganciasbereber.com\/wp-content\/uploads\/2026\/03\/582692407_18078822521182311_6520331920144167300_n.jpeg\" alt=\"\" \/><\/figure><\/div><div class=\"swiper-slide\" role=\"group\" aria-roledescription=\"slide\" aria-label=\"17 de 25\"><figure class=\"swiper-slide-inner\"><img decoding=\"async\" class=\"swiper-slide-image\" src=\"https:\/\/eleganciasbereber.com\/wp-content\/uploads\/2026\/03\/583194421_18078660308182311_8670876531341387828_n.jpeg\" alt=\"\" \/><\/figure><\/div><div class=\"swiper-slide\" role=\"group\" aria-roledescription=\"slide\" aria-label=\"18 de 25\"><figure class=\"swiper-slide-inner\"><img decoding=\"async\" class=\"swiper-slide-image\" src=\"https:\/\/eleganciasbereber.com\/wp-content\/uploads\/2026\/03\/583620506_18078822512182311_5017362658994462421_n.jpeg\" alt=\"\" \/><\/figure><\/div><div class=\"swiper-slide\" role=\"group\" aria-roledescription=\"slide\" aria-label=\"19 de 25\"><figure class=\"swiper-slide-inner\"><img decoding=\"async\" class=\"swiper-slide-image\" src=\"https:\/\/eleganciasbereber.com\/wp-content\/uploads\/2026\/03\/583886736_18078660317182311_2881804508066994153_n.jpeg\" alt=\"\" \/><\/figure><\/div><div class=\"swiper-slide\" role=\"group\" aria-roledescription=\"slide\" aria-label=\"20 de 25\"><figure class=\"swiper-slide-inner\"><img decoding=\"async\" class=\"swiper-slide-image\" src=\"https:\/\/eleganciasbereber.com\/wp-content\/uploads\/2026\/03\/571888869_18076976333182311_1731943263858797647_n.jpeg\" alt=\"\" \/><\/figure><\/div><div class=\"swiper-slide\" role=\"group\" aria-roledescription=\"slide\" aria-label=\"21 de 25\"><figure class=\"swiper-slide-inner\"><img decoding=\"async\" class=\"swiper-slide-image\" src=\"https:\/\/eleganciasbereber.com\/wp-content\/uploads\/2026\/03\/583333372_18078660299182311_2226478564661642316_n.jpeg\" alt=\"\" \/><\/figure><\/div><div class=\"swiper-slide\" role=\"group\" aria-roledescription=\"slide\" aria-label=\"22 de 25\"><figure class=\"swiper-slide-inner\"><img decoding=\"async\" class=\"swiper-slide-image\" src=\"https:\/\/eleganciasbereber.com\/wp-content\/uploads\/2026\/03\/WhatsApp-Image-2026-03-10-at-18.17.27.jpeg\" alt=\"WhatsApp Image 2026-03-10 at 18.17.27\" \/><\/figure><\/div><div class=\"swiper-slide\" role=\"group\" aria-roledescription=\"slide\" aria-label=\"23 de 25\"><figure class=\"swiper-slide-inner\"><img decoding=\"async\" class=\"swiper-slide-image\" src=\"https:\/\/eleganciasbereber.com\/wp-content\/uploads\/2026\/03\/WhatsApp-Image-2026-03-10-at-18.17.27-1.jpeg\" alt=\"WhatsApp Image 2026-03-10 at 18.17.27 (1)\" \/><\/figure><\/div><div class=\"swiper-slide\" role=\"group\" aria-roledescription=\"slide\" aria-label=\"24 de 25\"><figure class=\"swiper-slide-inner\"><img decoding=\"async\" class=\"swiper-slide-image\" src=\"https:\/\/eleganciasbereber.com\/wp-content\/uploads\/2026\/03\/WhatsApp-Image-2026-03-10-at-18.17.27-2.jpeg\" alt=\"WhatsApp Image 2026-03-10 at 18.17.27 (2)\" \/><\/figure><\/div><div class=\"swiper-slide\" role=\"group\" aria-roledescription=\"slide\" aria-label=\"25 de 25\"><figure class=\"swiper-slide-inner\"><img decoding=\"async\" class=\"swiper-slide-image\" src=\"https:\/\/eleganciasbereber.com\/wp-content\/uploads\/2026\/03\/WhatsApp-Image-2026-03-10-at-18.17.28.jpeg\" alt=\"WhatsApp Image 2026-03-10 at 18.17.28\" \/><\/figure><\/div>\t\t\t<\/div>\n\t\t\t\t\t\t\t\t\t\t\t\t<div class=\"elementor-swiper-button elementor-swiper-button-prev\" role=\"button\" tabindex=\"0\">\n\t\t\t\t\t\t<svg aria-hidden=\"true\" class=\"e-font-icon-svg e-eicon-chevron-left\" viewbox=\"0 0 1000 1000\" xmlns=\"http:\/\/www.w3.org\/2000\/svg\"><path d=\"M646 125C629 125 613 133 604 142L308 442C296 454 292 471 292 487 292 504 296 521 308 533L604 854C617 867 629 875 646 875 663 875 679 871 692 858 704 846 713 829 713 812 713 796 708 779 692 767L438 487 692 225C700 217 708 204 708 187 708 171 704 154 692 142 675 129 663 125 646 125Z\"><\/path><\/svg>\t\t\t\t\t<\/div>\n\t\t\t\t\t<div class=\"elementor-swiper-button elementor-swiper-button-next\" role=\"button\" tabindex=\"0\">\n\t\t\t\t\t\t<svg aria-hidden=\"true\" class=\"e-font-icon-svg e-eicon-chevron-right\" viewbox=\"0 0 1000 1000\" xmlns=\"http:\/\/www.w3.org\/2000\/svg\"><path d=\"M696 533C708 521 713 504 713 487 713 471 708 454 696 446L400 146C388 133 375 125 354 125 338 125 325 129 313 142 300 154 292 171 292 187 292 204 296 221 308 233L563 492 304 771C292 783 288 800 288 817 288 833 296 850 308 863 321 871 338 875 354 875 371 875 388 867 400 854L696 533Z\"><\/path><\/svg>\t\t\t\t\t<\/div>\n\t\t\t\t\n\t\t\t\t\t\t\t\t\t<\/div>\n\t\t\t\t\t\t<\/div>\n\t\t\t\t\t<\/div>\n\t\t\t\t<\/div>\n\t\t<div class=\"elementor-element elementor-element-e35cbc1 e-flex e-con-boxed e-con e-parent\" data-id=\"e35cbc1\" data-element_type=\"container\" data-e-type=\"container\" data-settings=\"{&quot;background_background&quot;:&quot;classic&quot;}\">\n\t\t\t\t\t<div class=\"e-con-inner\">\n\t\t\t\t<div class=\"elementor-element elementor-element-c3533b8 elementor-bg-transform elementor-bg-transform-move-up elementor-cta--skin-classic elementor-animated-content elementor-widget elementor-widget-call-to-action\" data-id=\"c3533b8\" data-element_type=\"widget\" data-e-type=\"widget\" data-widget_type=\"call-to-action.default\">\n\t\t\t\t\t\t\t<div class=\"elementor-cta\">\n\t\t\t\t\t<div class=\"elementor-cta__bg-wrapper\">\n\t\t\t\t<div class=\"elementor-cta__bg elementor-bg\" style=\"background-image: url(https:\/\/eleganciasbereber.com\/wp-content\/uploads\/2026\/03\/2149640630-1024x681.jpg);\" role=\"img\" aria-label=\"2149640630\"><\/div>\n\t\t\t\t<div class=\"elementor-cta__bg-overlay\"><\/div>\n\t\t\t<\/div>\n\t\t\t\t\t\t\t<div class=\"elementor-cta__content\">\n\t\t\t\t\n\t\t\t\t\t\t\t\t\t<h2 class=\"elementor-cta__title elementor-cta__content-item elementor-content-item\">\n\t\t\t\t\t\tEl arte de vivir con distinci\u00f3n.\t\t\t\t\t<\/h2>\n\t\t\t\t\n\t\t\t\t\t\t\t\t\t<div class=\"elementor-cta__description elementor-cta__content-item elementor-content-item\">\n\t\t\t\t\t\tDesde el aroma que te define hasta la pieza que completa tu hogar. Cu\u00e9ntanos qu\u00e9 buscas y dise\u00f1aremos una propuesta exclusiva para ti.\t\t\t\t\t<\/div>\n\t\t\t\t\n\t\t\t\t\t\t\t\t\t<div class=\"elementor-cta__button-wrapper elementor-cta__content-item elementor-content-item\">\n\t\t\t\t\t<a class=\"elementor-cta__button elementor-button elementor-size-\" href=\"https:\/\/eleganciasbereber.com\/eu\/contacto\/\">\n\t\t\t\t\t\tCONTACTAR AHORA\t\t\t\t\t<\/a>\n\t\t\t\t\t<\/div>\n\t\t\t\t\t\t\t<\/div>\n\t\t\t\t\t\t<\/div>\n\t\t\t\t\t\t<\/div>\n\t\t\t\t\t<\/div>\n\t\t\t\t<\/div>\n\t\t\t\t<\/div>","protected":false},"excerpt":{"rendered":"<p>Servicios Nuestros bienes En Elegancias Bereber, la distinci\u00f3n no es un detalle, sino una forma de habitar el mundo. Hemos entrelazado la sofisticaci\u00f3n de la perfumer\u00eda de autor, la ca\u00edda noble de nuestras colecciones textiles y la esencia artesanal de la decoraci\u00f3n de interiores para crear un universo donde cada aroma, prenda y objeto cuenta [&hellip;]<\/p>\n","protected":false},"author":1,"featured_media":0,"parent":0,"menu_order":0,"comment_status":"closed","ping_status":"closed","template":"elementor_canvas","meta":{"footnotes":""},"class_list":["post-13","page","type-page","status-publish","hentry"],"yoast_head":"<!-- This site is optimized with the Yoast SEO plugin v27.3 - https:\/\/yoast.com\/product\/yoast-seo-wordpress\/ -->\n<title>Servicios - Elegancias Bereber<\/title>\n<meta name=\"robots\" content=\"index, follow, max-snippet:-1, max-image-preview:large, max-video-preview:-1\" \/>\n<link rel=\"canonical\" href=\"https:\/\/eleganciasbereber.com\/eu\/servicios\/\" \/>\n<meta property=\"og:locale\" content=\"en_US\" \/>\n<meta property=\"og:type\" content=\"article\" \/>\n<meta property=\"og:title\" content=\"Servicios - Elegancias Bereber\" \/>\n<meta property=\"og:description\" content=\"Servicios Nuestros bienes En Elegancias Bereber, la distinci\u00f3n no es un detalle, sino una forma de habitar el mundo. Hemos entrelazado la sofisticaci\u00f3n de la perfumer\u00eda de autor, la ca\u00edda noble de nuestras colecciones textiles y la esencia artesanal de la decoraci\u00f3n de interiores para crear un universo donde cada aroma, prenda y objeto cuenta [&hellip;]\" \/>\n<meta property=\"og:url\" content=\"https:\/\/eleganciasbereber.com\/eu\/servicios\/\" \/>\n<meta property=\"og:site_name\" content=\"Elegancias Bereber\" \/>\n<meta property=\"article:modified_time\" content=\"2026-03-11T08:43:01+00:00\" \/>\n<meta property=\"og:image\" content=\"https:\/\/eleganciasbereber.com\/wp-content\/uploads\/2026\/03\/WhatsApp-Image-2026-03-10-at-18.17.28-1.jpeg\" \/>\n<meta name=\"twitter:card\" content=\"summary_large_image\" \/>\n<meta name=\"twitter:label1\" content=\"Est. reading time\" \/>\n\t<meta name=\"twitter:data1\" content=\"5 minutua\" \/>\n<script type=\"application\/ld+json\" class=\"yoast-schema-graph\">{\"@context\":\"https:\\\/\\\/schema.org\",\"@graph\":[{\"@type\":\"WebPage\",\"@id\":\"https:\\\/\\\/eleganciasbereber.com\\\/servicios\\\/\",\"url\":\"https:\\\/\\\/eleganciasbereber.com\\\/servicios\\\/\",\"name\":\"Servicios - Elegancias Bereber\",\"isPartOf\":{\"@id\":\"https:\\\/\\\/eleganciasbereber.com\\\/#website\"},\"primaryImageOfPage\":{\"@id\":\"https:\\\/\\\/eleganciasbereber.com\\\/servicios\\\/#primaryimage\"},\"image\":{\"@id\":\"https:\\\/\\\/eleganciasbereber.com\\\/servicios\\\/#primaryimage\"},\"thumbnailUrl\":\"https:\\\/\\\/eleganciasbereber.com\\\/wp-content\\\/uploads\\\/2026\\\/03\\\/WhatsApp-Image-2026-03-10-at-18.17.28-1.jpeg\",\"datePublished\":\"2026-03-05T15:46:54+00:00\",\"dateModified\":\"2026-03-11T08:43:01+00:00\",\"breadcrumb\":{\"@id\":\"https:\\\/\\\/eleganciasbereber.com\\\/servicios\\\/#breadcrumb\"},\"inLanguage\":\"eu\",\"potentialAction\":[{\"@type\":\"ReadAction\",\"target\":[\"https:\\\/\\\/eleganciasbereber.com\\\/servicios\\\/\"]}]},{\"@type\":\"ImageObject\",\"inLanguage\":\"eu\",\"@id\":\"https:\\\/\\\/eleganciasbereber.com\\\/servicios\\\/#primaryimage\",\"url\":\"https:\\\/\\\/eleganciasbereber.com\\\/wp-content\\\/uploads\\\/2026\\\/03\\\/WhatsApp-Image-2026-03-10-at-18.17.28-1.jpeg\",\"contentUrl\":\"https:\\\/\\\/eleganciasbereber.com\\\/wp-content\\\/uploads\\\/2026\\\/03\\\/WhatsApp-Image-2026-03-10-at-18.17.28-1.jpeg\"},{\"@type\":\"BreadcrumbList\",\"@id\":\"https:\\\/\\\/eleganciasbereber.com\\\/servicios\\\/#breadcrumb\",\"itemListElement\":[{\"@type\":\"ListItem\",\"position\":1,\"name\":\"Portada\",\"item\":\"https:\\\/\\\/eleganciasbereber.com\\\/\"},{\"@type\":\"ListItem\",\"position\":2,\"name\":\"Servicios\"}]},{\"@type\":\"WebSite\",\"@id\":\"https:\\\/\\\/eleganciasbereber.com\\\/#website\",\"url\":\"https:\\\/\\\/eleganciasbereber.com\\\/\",\"name\":\"Elegancias Bereber\",\"description\":\"\",\"publisher\":{\"@id\":\"https:\\\/\\\/eleganciasbereber.com\\\/#organization\"},\"potentialAction\":[{\"@type\":\"SearchAction\",\"target\":{\"@type\":\"EntryPoint\",\"urlTemplate\":\"https:\\\/\\\/eleganciasbereber.com\\\/?s={search_term_string}\"},\"query-input\":{\"@type\":\"PropertyValueSpecification\",\"valueRequired\":true,\"valueName\":\"search_term_string\"}}],\"inLanguage\":\"eu\"},{\"@type\":\"Organization\",\"@id\":\"https:\\\/\\\/eleganciasbereber.com\\\/#organization\",\"name\":\"Elegancias Bereber\",\"url\":\"https:\\\/\\\/eleganciasbereber.com\\\/\",\"logo\":{\"@type\":\"ImageObject\",\"inLanguage\":\"eu\",\"@id\":\"https:\\\/\\\/eleganciasbereber.com\\\/#\\\/schema\\\/logo\\\/image\\\/\",\"url\":\"https:\\\/\\\/eleganciasbereber.com\\\/wp-content\\\/uploads\\\/2026\\\/03\\\/cropped-logo-Editada.png\",\"contentUrl\":\"https:\\\/\\\/eleganciasbereber.com\\\/wp-content\\\/uploads\\\/2026\\\/03\\\/cropped-logo-Editada.png\",\"width\":1178,\"height\":1209,\"caption\":\"Elegancias Bereber \"},\"image\":{\"@id\":\"https:\\\/\\\/eleganciasbereber.com\\\/#\\\/schema\\\/logo\\\/image\\\/\"}}]}<\/script>\n<!-- \/ Yoast SEO plugin. -->","yoast_head_json":{"title":"Servicios - Elegancias Bereber","robots":{"index":"index","follow":"follow","max-snippet":"max-snippet:-1","max-image-preview":"max-image-preview:large","max-video-preview":"max-video-preview:-1"},"canonical":"https:\/\/eleganciasbereber.com\/eu\/servicios\/","og_locale":"en_US","og_type":"article","og_title":"Servicios - Elegancias Bereber","og_description":"Servicios Nuestros bienes En Elegancias Bereber, la distinci\u00f3n no es un detalle, sino una forma de habitar el mundo. Hemos entrelazado la sofisticaci\u00f3n de la perfumer\u00eda de autor, la ca\u00edda noble de nuestras colecciones textiles y la esencia artesanal de la decoraci\u00f3n de interiores para crear un universo donde cada aroma, prenda y objeto cuenta [&hellip;]","og_url":"https:\/\/eleganciasbereber.com\/eu\/servicios\/","og_site_name":"Elegancias Bereber","article_modified_time":"2026-03-11T08:43:01+00:00","og_image":[{"url":"https:\/\/eleganciasbereber.com\/wp-content\/uploads\/2026\/03\/WhatsApp-Image-2026-03-10-at-18.17.28-1.jpeg","type":"","width":"","height":""}],"twitter_card":"summary_large_image","twitter_misc":{"Est. reading time":"5 minutua"},"schema":{"@context":"https:\/\/schema.org","@graph":[{"@type":"WebPage","@id":"https:\/\/eleganciasbereber.com\/servicios\/","url":"https:\/\/eleganciasbereber.com\/servicios\/","name":"Servicios - Elegancias Bereber","isPartOf":{"@id":"https:\/\/eleganciasbereber.com\/#website"},"primaryImageOfPage":{"@id":"https:\/\/eleganciasbereber.com\/servicios\/#primaryimage"},"image":{"@id":"https:\/\/eleganciasbereber.com\/servicios\/#primaryimage"},"thumbnailUrl":"https:\/\/eleganciasbereber.com\/wp-content\/uploads\/2026\/03\/WhatsApp-Image-2026-03-10-at-18.17.28-1.jpeg","datePublished":"2026-03-05T15:46:54+00:00","dateModified":"2026-03-11T08:43:01+00:00","breadcrumb":{"@id":"https:\/\/eleganciasbereber.com\/servicios\/#breadcrumb"},"inLanguage":"eu","potentialAction":[{"@type":"ReadAction","target":["https:\/\/eleganciasbereber.com\/servicios\/"]}]},{"@type":"ImageObject","inLanguage":"eu","@id":"https:\/\/eleganciasbereber.com\/servicios\/#primaryimage","url":"https:\/\/eleganciasbereber.com\/wp-content\/uploads\/2026\/03\/WhatsApp-Image-2026-03-10-at-18.17.28-1.jpeg","contentUrl":"https:\/\/eleganciasbereber.com\/wp-content\/uploads\/2026\/03\/WhatsApp-Image-2026-03-10-at-18.17.28-1.jpeg"},{"@type":"BreadcrumbList","@id":"https:\/\/eleganciasbereber.com\/servicios\/#breadcrumb","itemListElement":[{"@type":"ListItem","position":1,"name":"Portada","item":"https:\/\/eleganciasbereber.com\/"},{"@type":"ListItem","position":2,"name":"Servicios"}]},{"@type":"WebSite","@id":"https:\/\/eleganciasbereber.com\/#website","url":"https:\/\/eleganciasbereber.com\/","name":"Bereber dotoreziak","description":"","publisher":{"@id":"https:\/\/eleganciasbereber.com\/#organization"},"potentialAction":[{"@type":"SearchAction","target":{"@type":"EntryPoint","urlTemplate":"https:\/\/eleganciasbereber.com\/?s={search_term_string}"},"query-input":{"@type":"PropertyValueSpecification","valueRequired":true,"valueName":"search_term_string"}}],"inLanguage":"eu"},{"@type":"Organization","@id":"https:\/\/eleganciasbereber.com\/#organization","name":"Bereber dotoreziak","url":"https:\/\/eleganciasbereber.com\/","logo":{"@type":"ImageObject","inLanguage":"eu","@id":"https:\/\/eleganciasbereber.com\/#\/schema\/logo\/image\/","url":"https:\/\/eleganciasbereber.com\/wp-content\/uploads\/2026\/03\/cropped-logo-Editada.png","contentUrl":"https:\/\/eleganciasbereber.com\/wp-content\/uploads\/2026\/03\/cropped-logo-Editada.png","width":1178,"height":1209,"caption":"Elegancias Bereber "},"image":{"@id":"https:\/\/eleganciasbereber.com\/#\/schema\/logo\/image\/"}}]}},"_links":{"self":[{"href":"https:\/\/eleganciasbereber.com\/eu\/wp-json\/wp\/v2\/pages\/13","targetHints":{"allow":["GET"]}}],"collection":[{"href":"https:\/\/eleganciasbereber.com\/eu\/wp-json\/wp\/v2\/pages"}],"about":[{"href":"https:\/\/eleganciasbereber.com\/eu\/wp-json\/wp\/v2\/types\/page"}],"author":[{"embeddable":true,"href":"https:\/\/eleganciasbereber.com\/eu\/wp-json\/wp\/v2\/users\/1"}],"replies":[{"embeddable":true,"href":"https:\/\/eleganciasbereber.com\/eu\/wp-json\/wp\/v2\/comments?post=13"}],"version-history":[{"count":91,"href":"https:\/\/eleganciasbereber.com\/eu\/wp-json\/wp\/v2\/pages\/13\/revisions"}],"predecessor-version":[{"id":558,"href":"https:\/\/eleganciasbereber.com\/eu\/wp-json\/wp\/v2\/pages\/13\/revisions\/558"}],"wp:attachment":[{"href":"https:\/\/eleganciasbereber.com\/eu\/wp-json\/wp\/v2\/media?parent=13"}],"curies":[{"name":"wp","href":"https:\/\/api.w.org\/{rel}","templated":true}]}}