{"id":9,"date":"2026-03-05T15:45:09","date_gmt":"2026-03-05T15:45:09","guid":{"rendered":"https:\/\/eleganciasbereber.rkinformatika.online\/?page_id=9"},"modified":"2026-03-09T12:57:29","modified_gmt":"2026-03-09T12:57:29","slug":"inicio","status":"publish","type":"page","link":"https:\/\/eleganciasbereber.com\/eu\/","title":{"rendered":"Hasiera"},"content":{"rendered":"<div data-elementor-type=\"wp-page\" data-elementor-id=\"9\" class=\"elementor elementor-9\" data-elementor-post-type=\"page\">\n\t\t\t\t<div class=\"elementor-element elementor-element-1ec6709 e-flex e-con-boxed e-con e-parent\" data-id=\"1ec6709\" data-element_type=\"container\" data-e-type=\"container\" data-settings=\"{&quot;background_background&quot;:&quot;classic&quot;}\">\n\t\t\t\t\t<div class=\"e-con-inner\">\n\t\t\t\t<div class=\"elementor-element elementor-element-28781be elementor-headline--style-highlight elementor-widget elementor-widget-animated-headline\" data-id=\"28781be\" data-element_type=\"widget\" data-e-type=\"widget\" data-settings=\"{&quot;marker&quot;:&quot;underline&quot;,&quot;highlighted_text&quot;:&quot;Elegancias Bereber&quot;,&quot;headline_style&quot;:&quot;highlight&quot;,&quot;highlight_animation_duration&quot;:1200}\" data-widget_type=\"animated-headline.default\">\n\t\t\t\t\t\t\t<h3 class=\"elementor-headline\">\n\t\t\t\t<span class=\"elementor-headline-dynamic-wrapper elementor-headline-text-wrapper\">\n\t\t\t\t\t<span class=\"elementor-headline-dynamic-text elementor-headline-text-active\">Bereber dotoreziak<\/span>\n\t\t\t\t<\/span>\n\t\t\t\t<\/h3>\n\t\t\t\t\t\t<\/div>\n\t\t\t\t<div class=\"elementor-element elementor-element-0f5af0a elementor-widget__width-initial elementor-widget elementor-widget-text-editor\" data-id=\"0f5af0a\" data-element_type=\"widget\" data-e-type=\"widget\" data-widget_type=\"text-editor.default\">\n\t\t\t\t\t\t\t\t\t<p>Fragancias con car\u00e1cter, textiles nobles y objetos con alma. Elevamos tu estilo de vida con la distinci\u00f3n de una herencia eterna.<\/p>\t\t\t\t\t\t\t\t<\/div>\n\t\t\t\t\t<\/div>\n\t\t\t\t<\/div>\n\t\t<div class=\"elementor-element elementor-element-9f6867e e-flex e-con-boxed e-con e-parent\" data-id=\"9f6867e\" data-element_type=\"container\" data-e-type=\"container\" data-settings=\"{&quot;background_background&quot;:&quot;classic&quot;}\">\n\t\t\t\t\t<div class=\"e-con-inner\">\n\t\t<div class=\"elementor-element elementor-element-3503e09 e-con-full e-flex e-con e-child\" data-id=\"3503e09\" data-element_type=\"container\" data-e-type=\"container\">\n\t\t\t\t<div class=\"elementor-element elementor-element-b6487d8 elementor-widget elementor-widget-image\" data-id=\"b6487d8\" data-element_type=\"widget\" data-e-type=\"widget\" data-widget_type=\"image.default\">\n\t\t\t\t\t\t\t\t\t\t\t\t\t\t\t<img fetchpriority=\"high\" decoding=\"async\" width=\"2000\" height=\"1333\" src=\"https:\/\/eleganciasbereber.com\/wp-content\/uploads\/2026\/03\/2150820769.jpg\" class=\"attachment-2048x2048 size-2048x2048 wp-image-490\" alt=\"\" srcset=\"https:\/\/eleganciasbereber.com\/wp-content\/uploads\/2026\/03\/2150820769.jpg 2000w, https:\/\/eleganciasbereber.com\/wp-content\/uploads\/2026\/03\/2150820769-300x200.jpg 300w, https:\/\/eleganciasbereber.com\/wp-content\/uploads\/2026\/03\/2150820769-1024x682.jpg 1024w, https:\/\/eleganciasbereber.com\/wp-content\/uploads\/2026\/03\/2150820769-768x512.jpg 768w, https:\/\/eleganciasbereber.com\/wp-content\/uploads\/2026\/03\/2150820769-1536x1024.jpg 1536w, https:\/\/eleganciasbereber.com\/wp-content\/uploads\/2026\/03\/2150820769-18x12.jpg 18w\" sizes=\"(max-width: 2000px) 100vw, 2000px\" \/>\t\t\t\t\t\t\t\t\t\t\t\t\t\t\t<\/div>\n\t\t\t\t<\/div>\n\t\t<div class=\"elementor-element elementor-element-1c55a51 e-con-full e-flex e-con e-child\" data-id=\"1c55a51\" data-element_type=\"container\" data-e-type=\"container\">\n\t\t\t\t<div class=\"elementor-element elementor-element-8d0a0a2 elementor-widget elementor-widget-heading\" data-id=\"8d0a0a2\" data-element_type=\"widget\" data-e-type=\"widget\" data-widget_type=\"heading.default\">\n\t\t\t\t\t<h2 class=\"elementor-heading-title elementor-size-default\">Heredatutako Bereizketaren Artea<\/h2>\t\t\t\t<\/div>\n\t\t\t\t<div class=\"elementor-element elementor-element-883d397 elementor-widget elementor-widget-text-editor\" data-id=\"883d397\" data-element_type=\"widget\" data-e-type=\"widget\" data-widget_type=\"text-editor.default\">\n\t\t\t\t\t\t\t\t\t<p>Bereber dotoreziak antzinako materialen nobleziaren eta diseinu garaikidearen sofistikazioaren arteko loturatik sortu zen. Gure helburua da hautaketa bakar bat osatzea, non usain, ehun eta etxerako objektu bakoitzak artisau maisutasunaren historia bat kontatuko duen. Ez dugu joerei jarraitu nahi, benetakotasun babesleku bat sortu baizik, benetako luxua irauten duten xehetasunetan datzala ulertzen dutenentzat.<\/p>\t\t\t\t\t\t\t\t<\/div>\n\t\t\t\t<\/div>\n\t\t\t\t\t<\/div>\n\t\t\t\t<\/div>\n\t\t<div class=\"elementor-element elementor-element-2544461 e-flex e-con-boxed e-con e-parent\" data-id=\"2544461\" data-element_type=\"container\" data-e-type=\"container\" data-settings=\"{&quot;background_background&quot;:&quot;classic&quot;}\">\n\t\t\t\t\t<div class=\"e-con-inner\">\n\t\t<div class=\"elementor-element elementor-element-826ea85 e-con-full e-flex e-con e-child\" data-id=\"826ea85\" data-element_type=\"container\" data-e-type=\"container\" data-settings=\"{&quot;background_background&quot;:&quot;classic&quot;}\">\n\t\t\t\t<div class=\"elementor-element elementor-element-10f14e1 elementor-widget elementor-widget-heading\" data-id=\"10f14e1\" data-element_type=\"widget\" data-e-type=\"widget\" data-widget_type=\"heading.default\">\n\t\t\t\t\t<h2 class=\"elementor-heading-title elementor-size-default\">Dotorezia sentitu egiten da, ez da azaltzen.<\/h2>\t\t\t\t<\/div>\n\t\t\t\t<div class=\"elementor-element elementor-element-d80fb8a elementor-widget elementor-widget-text-editor\" data-id=\"d80fb8a\" data-element_type=\"widget\" data-e-type=\"widget\" data-widget_type=\"text-editor.default\">\n\t\t\t\t\t\t\t\t\t<p>Aztertu gure bildumak eta aurkitu zure hurrengo kapitulua definituko duen pieza.<\/p>\t\t\t\t\t\t\t\t<\/div>\n\t\t\t\t<div class=\"elementor-element elementor-element-73d1226 elementor-widget elementor-widget-button\" data-id=\"73d1226\" data-element_type=\"widget\" data-e-type=\"widget\" data-widget_type=\"button.default\">\n\t\t\t\t\t\t\t\t\t\t<a class=\"elementor-button elementor-button-link elementor-size-sm\" href=\"https:\/\/eleganciasbereber.com\/eu\/servicios\/\">\n\t\t\t\t\t\t<span class=\"elementor-button-content-wrapper\">\n\t\t\t\t\t\t\t\t\t<span class=\"elementor-button-text\">IKUSI BILDUMA OSOA<\/span>\n\t\t\t\t\t<\/span>\n\t\t\t\t\t<\/a>\n\t\t\t\t\t\t\t\t<\/div>\n\t\t\t\t<\/div>\n\t\t\t\t\t<\/div>\n\t\t\t\t<\/div>\n\t\t\t\t<\/div>","protected":false},"excerpt":{"rendered":"<p>Elegancias Bereber Fragancias con car\u00e1cter, textiles nobles y objetos con alma. Elevamos tu estilo de vida con la distinci\u00f3n de una herencia eterna. El Arte de la Distinci\u00f3n Heredada Elegancias Bereber nace de la uni\u00f3n entre la nobleza de los materiales ancestrales y la sofisticaci\u00f3n del dise\u00f1o contempor\u00e1neo. Nuestra misi\u00f3n es curar una selecci\u00f3n \u00fanica [&hellip;]<\/p>\n","protected":false},"author":1,"featured_media":0,"parent":0,"menu_order":0,"comment_status":"closed","ping_status":"closed","template":"elementor_canvas","meta":{"footnotes":""},"class_list":["post-9","page","type-page","status-publish","hentry"],"yoast_head":"<!-- This site is optimized with the Yoast SEO plugin v27.3 - https:\/\/yoast.com\/product\/yoast-seo-wordpress\/ -->\n<title>Inicio - Elegancias Bereber<\/title>\n<meta name=\"robots\" content=\"index, follow, max-snippet:-1, max-image-preview:large, max-video-preview:-1\" \/>\n<link rel=\"canonical\" href=\"https:\/\/eleganciasbereber.com\/eu\/\" \/>\n<meta property=\"og:locale\" content=\"en_US\" \/>\n<meta property=\"og:type\" content=\"article\" \/>\n<meta property=\"og:title\" content=\"Inicio - Elegancias Bereber\" \/>\n<meta property=\"og:description\" content=\"Elegancias Bereber Fragancias con car\u00e1cter, textiles nobles y objetos con alma. Elevamos tu estilo de vida con la distinci\u00f3n de una herencia eterna. El Arte de la Distinci\u00f3n Heredada Elegancias Bereber nace de la uni\u00f3n entre la nobleza de los materiales ancestrales y la sofisticaci\u00f3n del dise\u00f1o contempor\u00e1neo. Nuestra misi\u00f3n es curar una selecci\u00f3n \u00fanica [&hellip;]\" \/>\n<meta property=\"og:url\" content=\"https:\/\/eleganciasbereber.com\/eu\/\" \/>\n<meta property=\"og:site_name\" content=\"Elegancias Bereber\" \/>\n<meta property=\"article:modified_time\" content=\"2026-03-09T12:57:29+00:00\" \/>\n<meta property=\"og:image\" content=\"https:\/\/eleganciasbereber.com\/wp-content\/uploads\/2026\/03\/2150820769.jpg\" \/>\n<meta name=\"twitter:card\" content=\"summary_large_image\" \/>\n<meta name=\"twitter:label1\" content=\"Est. reading time\" \/>\n\t<meta name=\"twitter:data1\" content=\"1 minutua\" \/>\n<script type=\"application\/ld+json\" class=\"yoast-schema-graph\">{\"@context\":\"https:\\\/\\\/schema.org\",\"@graph\":[{\"@type\":\"WebPage\",\"@id\":\"https:\\\/\\\/eleganciasbereber.com\\\/\",\"url\":\"https:\\\/\\\/eleganciasbereber.com\\\/\",\"name\":\"Inicio - Elegancias Bereber\",\"isPartOf\":{\"@id\":\"https:\\\/\\\/eleganciasbereber.com\\\/#website\"},\"primaryImageOfPage\":{\"@id\":\"https:\\\/\\\/eleganciasbereber.com\\\/#primaryimage\"},\"image\":{\"@id\":\"https:\\\/\\\/eleganciasbereber.com\\\/#primaryimage\"},\"thumbnailUrl\":\"https:\\\/\\\/eleganciasbereber.com\\\/wp-content\\\/uploads\\\/2026\\\/03\\\/2150820769.jpg\",\"datePublished\":\"2026-03-05T15:45:09+00:00\",\"dateModified\":\"2026-03-09T12:57:29+00:00\",\"breadcrumb\":{\"@id\":\"https:\\\/\\\/eleganciasbereber.com\\\/#breadcrumb\"},\"inLanguage\":\"eu\",\"potentialAction\":[{\"@type\":\"ReadAction\",\"target\":[\"https:\\\/\\\/eleganciasbereber.com\\\/\"]}]},{\"@type\":\"ImageObject\",\"inLanguage\":\"eu\",\"@id\":\"https:\\\/\\\/eleganciasbereber.com\\\/#primaryimage\",\"url\":\"https:\\\/\\\/eleganciasbereber.com\\\/wp-content\\\/uploads\\\/2026\\\/03\\\/2150820769.jpg\",\"contentUrl\":\"https:\\\/\\\/eleganciasbereber.com\\\/wp-content\\\/uploads\\\/2026\\\/03\\\/2150820769.jpg\"},{\"@type\":\"BreadcrumbList\",\"@id\":\"https:\\\/\\\/eleganciasbereber.com\\\/#breadcrumb\",\"itemListElement\":[{\"@type\":\"ListItem\",\"position\":1,\"name\":\"Portada\",\"item\":\"https:\\\/\\\/eleganciasbereber.com\\\/\"},{\"@type\":\"ListItem\",\"position\":2,\"name\":\"Inicio\"}]},{\"@type\":\"WebSite\",\"@id\":\"https:\\\/\\\/eleganciasbereber.com\\\/#website\",\"url\":\"https:\\\/\\\/eleganciasbereber.com\\\/\",\"name\":\"Elegancias Bereber\",\"description\":\"\",\"publisher\":{\"@id\":\"https:\\\/\\\/eleganciasbereber.com\\\/#organization\"},\"potentialAction\":[{\"@type\":\"SearchAction\",\"target\":{\"@type\":\"EntryPoint\",\"urlTemplate\":\"https:\\\/\\\/eleganciasbereber.com\\\/?s={search_term_string}\"},\"query-input\":{\"@type\":\"PropertyValueSpecification\",\"valueRequired\":true,\"valueName\":\"search_term_string\"}}],\"inLanguage\":\"eu\"},{\"@type\":\"Organization\",\"@id\":\"https:\\\/\\\/eleganciasbereber.com\\\/#organization\",\"name\":\"Elegancias Bereber\",\"url\":\"https:\\\/\\\/eleganciasbereber.com\\\/\",\"logo\":{\"@type\":\"ImageObject\",\"inLanguage\":\"eu\",\"@id\":\"https:\\\/\\\/eleganciasbereber.com\\\/#\\\/schema\\\/logo\\\/image\\\/\",\"url\":\"https:\\\/\\\/eleganciasbereber.com\\\/wp-content\\\/uploads\\\/2026\\\/03\\\/cropped-logo-Editada.png\",\"contentUrl\":\"https:\\\/\\\/eleganciasbereber.com\\\/wp-content\\\/uploads\\\/2026\\\/03\\\/cropped-logo-Editada.png\",\"width\":1178,\"height\":1209,\"caption\":\"Elegancias Bereber \"},\"image\":{\"@id\":\"https:\\\/\\\/eleganciasbereber.com\\\/#\\\/schema\\\/logo\\\/image\\\/\"}}]}<\/script>\n<!-- \/ Yoast SEO plugin. -->","yoast_head_json":{"title":"Inicio - Elegancias Bereber","robots":{"index":"index","follow":"follow","max-snippet":"max-snippet:-1","max-image-preview":"max-image-preview:large","max-video-preview":"max-video-preview:-1"},"canonical":"https:\/\/eleganciasbereber.com\/eu\/","og_locale":"en_US","og_type":"article","og_title":"Inicio - Elegancias Bereber","og_description":"Elegancias Bereber Fragancias con car\u00e1cter, textiles nobles y objetos con alma. Elevamos tu estilo de vida con la distinci\u00f3n de una herencia eterna. El Arte de la Distinci\u00f3n Heredada Elegancias Bereber nace de la uni\u00f3n entre la nobleza de los materiales ancestrales y la sofisticaci\u00f3n del dise\u00f1o contempor\u00e1neo. Nuestra misi\u00f3n es curar una selecci\u00f3n \u00fanica [&hellip;]","og_url":"https:\/\/eleganciasbereber.com\/eu\/","og_site_name":"Elegancias Bereber","article_modified_time":"2026-03-09T12:57:29+00:00","og_image":[{"url":"https:\/\/eleganciasbereber.com\/wp-content\/uploads\/2026\/03\/2150820769.jpg","type":"","width":"","height":""}],"twitter_card":"summary_large_image","twitter_misc":{"Est. reading time":"1 minutua"},"schema":{"@context":"https:\/\/schema.org","@graph":[{"@type":"WebPage","@id":"https:\/\/eleganciasbereber.com\/","url":"https:\/\/eleganciasbereber.com\/","name":"Inicio - Elegancias Bereber","isPartOf":{"@id":"https:\/\/eleganciasbereber.com\/#website"},"primaryImageOfPage":{"@id":"https:\/\/eleganciasbereber.com\/#primaryimage"},"image":{"@id":"https:\/\/eleganciasbereber.com\/#primaryimage"},"thumbnailUrl":"https:\/\/eleganciasbereber.com\/wp-content\/uploads\/2026\/03\/2150820769.jpg","datePublished":"2026-03-05T15:45:09+00:00","dateModified":"2026-03-09T12:57:29+00:00","breadcrumb":{"@id":"https:\/\/eleganciasbereber.com\/#breadcrumb"},"inLanguage":"eu","potentialAction":[{"@type":"ReadAction","target":["https:\/\/eleganciasbereber.com\/"]}]},{"@type":"ImageObject","inLanguage":"eu","@id":"https:\/\/eleganciasbereber.com\/#primaryimage","url":"https:\/\/eleganciasbereber.com\/wp-content\/uploads\/2026\/03\/2150820769.jpg","contentUrl":"https:\/\/eleganciasbereber.com\/wp-content\/uploads\/2026\/03\/2150820769.jpg"},{"@type":"BreadcrumbList","@id":"https:\/\/eleganciasbereber.com\/#breadcrumb","itemListElement":[{"@type":"ListItem","position":1,"name":"Portada","item":"https:\/\/eleganciasbereber.com\/"},{"@type":"ListItem","position":2,"name":"Inicio"}]},{"@type":"WebSite","@id":"https:\/\/eleganciasbereber.com\/#website","url":"https:\/\/eleganciasbereber.com\/","name":"Bereber dotoreziak","description":"","publisher":{"@id":"https:\/\/eleganciasbereber.com\/#organization"},"potentialAction":[{"@type":"SearchAction","target":{"@type":"EntryPoint","urlTemplate":"https:\/\/eleganciasbereber.com\/?s={search_term_string}"},"query-input":{"@type":"PropertyValueSpecification","valueRequired":true,"valueName":"search_term_string"}}],"inLanguage":"eu"},{"@type":"Organization","@id":"https:\/\/eleganciasbereber.com\/#organization","name":"Bereber dotoreziak","url":"https:\/\/eleganciasbereber.com\/","logo":{"@type":"ImageObject","inLanguage":"eu","@id":"https:\/\/eleganciasbereber.com\/#\/schema\/logo\/image\/","url":"https:\/\/eleganciasbereber.com\/wp-content\/uploads\/2026\/03\/cropped-logo-Editada.png","contentUrl":"https:\/\/eleganciasbereber.com\/wp-content\/uploads\/2026\/03\/cropped-logo-Editada.png","width":1178,"height":1209,"caption":"Elegancias Bereber "},"image":{"@id":"https:\/\/eleganciasbereber.com\/#\/schema\/logo\/image\/"}}]}},"_links":{"self":[{"href":"https:\/\/eleganciasbereber.com\/eu\/wp-json\/wp\/v2\/pages\/9","targetHints":{"allow":["GET"]}}],"collection":[{"href":"https:\/\/eleganciasbereber.com\/eu\/wp-json\/wp\/v2\/pages"}],"about":[{"href":"https:\/\/eleganciasbereber.com\/eu\/wp-json\/wp\/v2\/types\/page"}],"author":[{"embeddable":true,"href":"https:\/\/eleganciasbereber.com\/eu\/wp-json\/wp\/v2\/users\/1"}],"replies":[{"embeddable":true,"href":"https:\/\/eleganciasbereber.com\/eu\/wp-json\/wp\/v2\/comments?post=9"}],"version-history":[{"count":76,"href":"https:\/\/eleganciasbereber.com\/eu\/wp-json\/wp\/v2\/pages\/9\/revisions"}],"predecessor-version":[{"id":546,"href":"https:\/\/eleganciasbereber.com\/eu\/wp-json\/wp\/v2\/pages\/9\/revisions\/546"}],"wp:attachment":[{"href":"https:\/\/eleganciasbereber.com\/eu\/wp-json\/wp\/v2\/media?parent=9"}],"curies":[{"name":"wp","href":"https:\/\/api.w.org\/{rel}","templated":true}]}}